{"id":305,"date":"2013-02-08T18:39:44","date_gmt":"2013-02-08T18:39:44","guid":{"rendered":"http:\/\/unnurkaren.com\/matur\/?page_id=305"},"modified":"2013-02-09T00:13:08","modified_gmt":"2013-02-09T00:13:08","slug":"efnisyfirlit","status":"publish","type":"page","link":"https:\/\/unnurkaren.com\/matur\/efnisyfirlit\/","title":{"rendered":"Efnisyfirlit"},"content":{"rendered":"<pre><\/pre>\n<pre><div class=\"tpg-get-posts\" ><div class=\"tpg-get-posts-post\" ><div class=\"tpg-title-class\"><h2><a href=\"https:\/\/unnurkaren.com\/matur\/2013\/05\/17\/banana-og-perumauk\/\" >Banana- og perumauk<\/a><\/h2><\/div><\/div><div class=\"tpg-get-posts-post\" ><div class=\"tpg-title-class\"><h2><a href=\"https:\/\/unnurkaren.com\/matur\/2012\/11\/12\/307\/\" >Bananamuffins me\u00f0 st\u00f6kkum karamellutoppi<\/a><\/h2><\/div><\/div><div class=\"tpg-get-posts-post\" ><div class=\"tpg-title-class\"><h2><a href=\"https:\/\/unnurkaren.com\/matur\/2012\/01\/04\/beikonvafdar-dodlur\/\" >Beikonvaf\u00f0ar d\u00f6\u00f0lur<\/a><\/h2><\/div><\/div><div class=\"tpg-get-posts-post\" ><div class=\"tpg-title-class\"><h2><a href=\"https:\/\/unnurkaren.com\/matur\/2013\/03\/25\/beikonvafdar-grisalundir\/\" >Beikonvaf\u00f0ar gr\u00edsalundir<\/a><\/h2><\/div><\/div><div class=\"tpg-get-posts-post\" ><div class=\"tpg-title-class\"><h2><a href=\"https:\/\/unnurkaren.com\/matur\/2013\/01\/13\/beikonvafdar-kjuklingabringur-fylltar-med-solthurrkudum-tomotum-og-feta-osti\/\" >Beikonvaf\u00f0ar kj\u00faklingabringur fylltar me\u00f0 s\u00f3l\u00feurrku\u00f0um t\u00f3m\u00f6tum og feta osti<\/a><\/h2><\/div><\/div><div class=\"tpg-get-posts-post\" ><div class=\"tpg-title-class\"><h2><a href=\"https:\/\/unnurkaren.com\/matur\/2012\/01\/08\/bjorkjuklingur\/\" >Bj\u00f3rkj\u00faklingur<\/a><\/h2><\/div><\/div><div class=\"tpg-get-posts-post\" ><div class=\"tpg-title-class\"><h2><a href=\"https:\/\/unnurkaren.com\/matur\/2014\/12\/14\/brownie-med-sukkuladi-fudge\/\" >Brownie me\u00f0 s\u00fakkula\u00f0i fudge<\/a><\/h2><\/div><\/div><div class=\"tpg-get-posts-post\" ><div class=\"tpg-title-class\"><h2><a href=\"https:\/\/unnurkaren.com\/matur\/2013\/01\/25\/dodlukonfekt\/\" >D\u00f6\u00f0lukonfekt<\/a><\/h2><\/div><\/div><div class=\"tpg-get-posts-post\" ><div class=\"tpg-title-class\"><h2><a href=\"https:\/\/unnurkaren.com\/matur\/2012\/01\/23\/dokk-og-einstaklega-mjuk-skuffukaka\/\" >D\u00f6kk og einstaklega mj\u00fak sk\u00faffukaka<\/a><\/h2><\/div><\/div><div class=\"tpg-get-posts-post\" ><div class=\"tpg-title-class\"><h2><a href=\"https:\/\/unnurkaren.com\/matur\/2012\/01\/03\/einfalt-paedeig-ala-svithjod-karamellusosa\/\" >Einfalt eplap\u00e6 a&#8217;la Sv\u00ed\u00fej\u00f3\u00f0 + karamellus\u00f3sa<\/a><\/h2><\/div><\/div><div class=\"tpg-get-posts-post\" ><div class=\"tpg-title-class\"><h2><a href=\"https:\/\/unnurkaren.com\/matur\/2012\/03\/25\/einfold-eplakaka\/\" >Einf\u00f6ld eplakaka<\/a><\/h2><\/div><\/div><div class=\"tpg-get-posts-post\" ><div class=\"tpg-title-class\"><h2><a href=\"https:\/\/unnurkaren.com\/matur\/2013\/03\/25\/einfold-salatdressing-med-hunangi-og-sinnepi\/\" >Einf\u00f6ld salatdressing me\u00f0 hunangi og sinnepi<\/a><\/h2><\/div><\/div><div class=\"tpg-get-posts-post\" ><div class=\"tpg-title-class\"><h2><a href=\"https:\/\/unnurkaren.com\/matur\/2012\/07\/24\/enchiladas-a-la-unnur\/\" >Enchiladas a &#8216;la Unnur<\/a><\/h2><\/div><\/div><div class=\"tpg-get-posts-post\" ><div class=\"tpg-title-class\"><h2><a href=\"https:\/\/unnurkaren.com\/matur\/2013\/11\/06\/ferskt-italskt-salat-med-hraskinku\/\" >Ferskt \u00edtalskt salat me\u00f0 hr\u00e1skinku<\/a><\/h2><\/div><\/div><div class=\"tpg-get-posts-post\" ><div class=\"tpg-title-class\"><h2><a href=\"https:\/\/unnurkaren.com\/matur\/2012\/07\/24\/ferskt-salsa\/\" >Ferskt salsa<\/a><\/h2><\/div><\/div><div class=\"tpg-get-posts-post\" ><div class=\"tpg-title-class\"><h2><a href=\"https:\/\/unnurkaren.com\/matur\/2014\/06\/02\/fljotleg-berja-eda-avaxtakaka\/\" >Flj\u00f3tleg berja- \/ \u00e1vaxtakaka<\/a><\/h2><\/div><\/div><div class=\"tpg-get-posts-post\" ><div class=\"tpg-title-class\"><h2><a href=\"https:\/\/unnurkaren.com\/matur\/2012\/01\/01\/focaccia-braud\/\" >Focaccia brau\u00f0<\/a><\/h2><\/div><\/div><div class=\"tpg-get-posts-post\" ><div class=\"tpg-title-class\"><h2><a href=\"https:\/\/unnurkaren.com\/matur\/2013\/02\/11\/fronsk-lauksupa\/\" >Fr\u00f6nsk lauks\u00fapa<\/a><\/h2><\/div><\/div><div class=\"tpg-get-posts-post\" ><div class=\"tpg-title-class\"><h2><a href=\"https:\/\/unnurkaren.com\/matur\/2012\/01\/23\/fronsk-sukkuladikaka\/\" >Fr\u00f6nsk s\u00fakkula\u00f0ikaka<\/a><\/h2><\/div><\/div><div class=\"tpg-get-posts-post\" ><div class=\"tpg-title-class\"><h2><a href=\"https:\/\/unnurkaren.com\/matur\/2011\/12\/11\/graflaxsosan-hans-pabba\/\" >Graflaxs\u00f3san hans pabba<\/a><\/h2><\/div><\/div><div class=\"tpg-get-posts-post\" ><div class=\"tpg-title-class\"><h2><a href=\"https:\/\/unnurkaren.com\/matur\/2013\/04\/25\/graskers-og-brokkolimauk\/\" >Graskers- og brokkol\u00edmauk<\/a><\/h2><\/div><\/div><div class=\"tpg-get-posts-post\" ><div class=\"tpg-title-class\"><h2><a href=\"https:\/\/unnurkaren.com\/matur\/2012\/07\/24\/guacamole\/\" >Guacamole<\/a><\/h2><\/div><\/div><div class=\"tpg-get-posts-post\" ><div class=\"tpg-title-class\"><h2><a href=\"https:\/\/unnurkaren.com\/matur\/2013\/01\/16\/gullassupa\/\" >G\u00fallass\u00fapa<\/a><\/h2><\/div><\/div><div class=\"tpg-get-posts-post\" ><div class=\"tpg-title-class\"><h2><a href=\"https:\/\/unnurkaren.com\/matur\/2011\/12\/12\/haframjols-og-rusinukokurnar-hennar-langommu\/\" >Haframj\u00f6ls og r\u00fas\u00ednuk\u00f6kurnar hennar lang\u00f6mmu<\/a><\/h2><\/div><\/div><div class=\"tpg-get-posts-post\" ><div class=\"tpg-title-class\"><h2><a href=\"https:\/\/unnurkaren.com\/matur\/2012\/01\/02\/heimagerd-pizza-og-pizzasosa\/\" >Heimager\u00f0 pizza og pizzas\u00f3sa<\/a><\/h2><\/div><\/div><div class=\"tpg-get-posts-post\" ><div class=\"tpg-title-class\"><h2><a href=\"https:\/\/unnurkaren.com\/matur\/2012\/10\/30\/heitur-ostabraudrettur\/\" >Heitur ostabrau\u00f0r\u00e9ttur<\/a><\/h2><\/div><\/div><div class=\"tpg-get-posts-post\" ><div class=\"tpg-title-class\"><h2><a href=\"https:\/\/unnurkaren.com\/matur\/2014\/02\/02\/himnesk-karamellusosa\/\" >Himnesk karamellus\u00f3sa<\/a><\/h2><\/div><\/div><div class=\"tpg-get-posts-post\" ><div class=\"tpg-title-class\"><h2><a href=\"https:\/\/unnurkaren.com\/matur\/2013\/02\/15\/hollt-bananabraud\/\" >Hollt bananabrau\u00f0<\/a><\/h2><\/div><\/div><div class=\"tpg-get-posts-post\" ><div class=\"tpg-title-class\"><h2><a href=\"https:\/\/unnurkaren.com\/matur\/2012\/01\/23\/italskt-pastasalat\/\" >\u00cdtalskt pastasalat<\/a><\/h2><\/div><\/div><div class=\"tpg-get-posts-post\" ><div class=\"tpg-title-class\"><h2><a href=\"https:\/\/unnurkaren.com\/matur\/2013\/02\/22\/itolsk-graenmetissupa\/\" >\u00cdt\u00f6lsk s\u00fapa me\u00f0 gr\u00e6nmeti<\/a><\/h2><\/div><\/div><div class=\"tpg-get-posts-post\" ><div class=\"tpg-title-class\"><h2><a href=\"https:\/\/unnurkaren.com\/matur\/2013\/05\/01\/kanilkaka-med-sukkuladidropum\/\" >Kanilkaka me\u00f0 s\u00fakkula\u00f0idropum<\/a><\/h2><\/div><\/div><div class=\"tpg-get-posts-post\" ><div class=\"tpg-title-class\"><h2><a href=\"https:\/\/unnurkaren.com\/matur\/2013\/01\/29\/kanilmuffins-med-vanillurjomaostakremi\/\" >Kanilmuffins me\u00f0 vanillurj\u00f3maostakremi<\/a><\/h2><\/div><\/div><div class=\"tpg-get-posts-post\" ><div class=\"tpg-title-class\"><h2><a href=\"https:\/\/unnurkaren.com\/matur\/2012\/10\/30\/karamellu-marengsterta-med-rice-krispies\/\" >Karamellu marengsterta me\u00f0 Rice Krispies<\/a><\/h2><\/div><\/div><div class=\"tpg-get-posts-post\" ><div class=\"tpg-title-class\"><h2><a href=\"https:\/\/unnurkaren.com\/matur\/2013\/03\/24\/karamellu-skuffukaka\/\" >Karamellu sk\u00faffukaka<\/a><\/h2><\/div><\/div><div class=\"tpg-get-posts-post\" ><div class=\"tpg-title-class\"><h2><a href=\"https:\/\/unnurkaren.com\/matur\/2012\/10\/30\/karamellu-sukkuladi-brownies\/\" >Karamellu-s\u00fakkula\u00f0i brownies me\u00f0 mars<\/a><\/h2><\/div><\/div><div class=\"tpg-get-posts-post\" ><div class=\"tpg-title-class\"><h2><a href=\"https:\/\/unnurkaren.com\/matur\/2013\/11\/28\/stokkir-og-seigir-karamellubitar\/\" >Karamellusnittur &#8211; st\u00f6kkar en samt p\u00ednu mj\u00fakar \u00ed mi\u00f0ju<\/a><\/h2><\/div><\/div><div class=\"tpg-get-posts-post\" ><div class=\"tpg-title-class\"><h2><a href=\"https:\/\/unnurkaren.com\/matur\/2014\/12\/13\/karamellusnittur-med-piparkokubragdi\/\" >Karamellusnittur me\u00f0 pipark\u00f6kubrag\u00f0i<\/a><\/h2><\/div><\/div><div class=\"tpg-get-posts-post\" ><div class=\"tpg-title-class\"><h2><a href=\"https:\/\/unnurkaren.com\/matur\/2013\/02\/01\/kjuklingaborgari-med-fetaosti\/\" >Kj\u00faklingaborgari me\u00f0 fetaosti<\/a><\/h2><\/div><\/div><div class=\"tpg-get-posts-post\" ><div class=\"tpg-title-class\"><h2><a href=\"https:\/\/unnurkaren.com\/matur\/2011\/12\/13\/kjuklingasalatid-hennar-ernu\/\" >Kj\u00faklingasalati\u00f0 hennar Ernu<\/a><\/h2><\/div><\/div><div class=\"tpg-get-posts-post\" ><div class=\"tpg-title-class\"><h2><a href=\"https:\/\/unnurkaren.com\/matur\/2012\/01\/23\/kokos-marengsterta\/\" >K\u00f3kos-marengsterta<\/a><\/h2><\/div><\/div><div class=\"tpg-get-posts-post\" ><div class=\"tpg-title-class\"><h2><a href=\"https:\/\/unnurkaren.com\/matur\/2012\/06\/07\/kokosmuffins-med-bountykremi\/\" >K\u00f3kosmuffins me\u00f0 bountykremi<\/a><\/h2><\/div><\/div><div class=\"tpg-get-posts-post\" ><div class=\"tpg-title-class\"><h2><a href=\"https:\/\/unnurkaren.com\/matur\/2012\/01\/08\/kokteilsosa\/\" >Kokteils\u00f3sa<\/a><\/h2><\/div><\/div><div class=\"tpg-get-posts-post\" ><div class=\"tpg-title-class\"><h2><a href=\"https:\/\/unnurkaren.com\/matur\/2013\/09\/22\/lkl-ostadessert\/\" >LKL skyrterta \/ Ostadessert<\/a><\/h2><\/div><\/div><div class=\"tpg-get-posts-post\" ><div class=\"tpg-title-class\"><h2><a href=\"https:\/\/unnurkaren.com\/matur\/2012\/11\/07\/mexikosk-baka\/\" >Mexik\u00f3sk baka<\/a><\/h2><\/div><\/div><div class=\"tpg-get-posts-post\" ><div class=\"tpg-title-class\"><h2><a href=\"https:\/\/unnurkaren.com\/matur\/2014\/03\/14\/mexikosk-baka-lkl\/\" >Mexik\u00f3sk baka &#8211; lkl<\/a><\/h2><\/div><\/div><div class=\"tpg-get-posts-post\" ><div class=\"tpg-title-class\"><h2><a href=\"https:\/\/unnurkaren.com\/matur\/2013\/01\/24\/mexikosk-kjuklingasupa\/\" >Mexik\u00f3sk kj\u00faklingas\u00fapa<\/a><\/h2><\/div><\/div><div class=\"tpg-get-posts-post\" ><div class=\"tpg-title-class\"><h2><a href=\"https:\/\/unnurkaren.com\/matur\/2013\/09\/01\/mjukir-kanilsnudar\/\" >Mj\u00fakir kanilsn\u00fa\u00f0ar<\/a><\/h2><\/div><\/div><div class=\"tpg-get-posts-post\" ><div class=\"tpg-title-class\"><h2><a href=\"https:\/\/unnurkaren.com\/matur\/2012\/07\/26\/mjog-einfalt-bananabraud\/\" >Mj\u00f6g einfalt bananabrau\u00f0<\/a><\/h2><\/div><\/div><div class=\"tpg-get-posts-post\" ><div class=\"tpg-title-class\"><h2><a href=\"https:\/\/unnurkaren.com\/matur\/2012\/01\/24\/muffins-med-sukkuladibitum\/\" >Muffins me\u00f0 s\u00fakkula\u00f0ibitum<\/a><\/h2><\/div><\/div><div class=\"tpg-get-posts-post\" ><div class=\"tpg-title-class\"><h2><a href=\"https:\/\/unnurkaren.com\/matur\/2012\/01\/28\/ostabraudrulla-med-blaberjasultu\/\" >Ostabrau\u00f0r\u00falla me\u00f0 bl\u00e1berjasultu<\/a><\/h2><\/div><\/div><div class=\"tpg-get-posts-post\" ><div class=\"tpg-title-class\"><h2><a href=\"https:\/\/unnurkaren.com\/matur\/2012\/11\/28\/ostakaka-med-rolo\/\" >Ostakaka me\u00f0 Rolo<\/a><\/h2><\/div><\/div><div class=\"tpg-get-posts-post\" ><div class=\"tpg-title-class\"><h2><a href=\"https:\/\/unnurkaren.com\/matur\/2014\/06\/02\/pottabraud\/\" >\u00d3tr\u00falega einfalt pottabrau\u00f0 me\u00f0 st\u00f6kkri skorpu<\/a><\/h2><\/div><\/div><div class=\"tpg-get-posts-post\" ><div class=\"tpg-title-class\"><h2><a href=\"https:\/\/unnurkaren.com\/matur\/2013\/01\/29\/pavlova-ala-unnur\/\" >Pavlova a&#8217;la Unnur<\/a><\/h2><\/div><\/div><div class=\"tpg-get-posts-post\" ><div class=\"tpg-title-class\"><h2><a href=\"https:\/\/unnurkaren.com\/matur\/2013\/08\/29\/pepperoni-og-sveppapasta\/\" >Pepper\u00f3n\u00ed og sveppapasta<\/a><\/h2><\/div><\/div><div class=\"tpg-get-posts-post\" ><div class=\"tpg-title-class\"><h2><a href=\"https:\/\/unnurkaren.com\/matur\/2013\/01\/27\/rice-krispies-kokur\/\" >Rice Krispies k\u00f6kur<\/a><\/h2><\/div><\/div><div class=\"tpg-get-posts-post\" ><div class=\"tpg-title-class\"><h2><a href=\"https:\/\/unnurkaren.com\/matur\/2012\/01\/24\/121\/\" >Rj\u00f3mapasta me\u00f0 beikoni, sveppum og hv\u00edtlauk<\/a><\/h2><\/div><\/div><div class=\"tpg-get-posts-post\" ><div class=\"tpg-title-class\"><h2><a href=\"https:\/\/unnurkaren.com\/matur\/2011\/12\/11\/smakokur-med-kanil-sukkuladi-og-hofrum\/\" >Sm\u00e1k\u00f6kur me\u00f0 kanil, s\u00fakkula\u00f0i og h\u00f6frum<\/a><\/h2><\/div><\/div><div class=\"tpg-get-posts-post\" ><div class=\"tpg-title-class\"><h2><a href=\"https:\/\/unnurkaren.com\/matur\/2011\/12\/11\/sukkuladibitakokur-med-daim\/\" >S\u00fakkula\u00f0ibitak\u00f6kur me\u00f0 da\u00edm<\/a><\/h2><\/div><\/div><div class=\"tpg-get-posts-post\" ><div class=\"tpg-title-class\"><h2><a href=\"https:\/\/unnurkaren.com\/matur\/2012\/06\/12\/sukkuladimuffins-med-rolo\/\" >S\u00fakkula\u00f0imuffins me\u00f0 Rolo<\/a><\/h2><\/div><\/div><div class=\"tpg-get-posts-post\" ><div class=\"tpg-title-class\"><h2><a href=\"https:\/\/unnurkaren.com\/matur\/2013\/11\/13\/sukkuladirulluterta-med-bananarjoma\/\" >S\u00fakkula\u00f0ir\u00falluterta me\u00f0 bananarj\u00f3ma<\/a><\/h2><\/div><\/div><div class=\"tpg-get-posts-post\" ><div class=\"tpg-title-class\"><h2><a href=\"https:\/\/unnurkaren.com\/matur\/2012\/01\/08\/sveppasosa-med-osti-og-rjoma\/\" >Sveppas\u00f3sa me\u00f0 osti og rj\u00f3ma<\/a><\/h2><\/div><\/div><div class=\"tpg-get-posts-post\" ><div class=\"tpg-title-class\"><h2><a href=\"https:\/\/unnurkaren.com\/matur\/2013\/09\/22\/sveppasupa-med-kokosmjolk\/\" >Sveppas\u00fapa me\u00f0 k\u00f3kosmj\u00f3lk<\/a><\/h2><\/div><\/div><div class=\"tpg-get-posts-post\" ><div class=\"tpg-title-class\"><h2><a href=\"https:\/\/unnurkaren.com\/matur\/2013\/04\/25\/sveskju-og-perumauk\/\" >Sveskju og perumauk<\/a><\/h2><\/div><\/div><div class=\"tpg-get-posts-post\" ><div class=\"tpg-title-class\"><h2><a href=\"https:\/\/unnurkaren.com\/matur\/2013\/04\/25\/sveskjumauk\/\" >Sveskjumauk<\/a><\/h2><\/div><\/div><div class=\"tpg-get-posts-post\" ><div class=\"tpg-title-class\"><h2><a href=\"https:\/\/unnurkaren.com\/matur\/2013\/01\/29\/saetkartoflusupa-med-indverskum-blae\/\" >S\u00e6tkart\u00f6flus\u00fapa me\u00f0 indverskum bl\u00e6<\/a><\/h2><\/div><\/div><div class=\"tpg-get-posts-post\" ><div class=\"tpg-title-class\"><h2><a href=\"https:\/\/unnurkaren.com\/matur\/2012\/12\/15\/sorur-skref-fyrir-skref\/\" >S\u00f6rur &#8211; skref fyrir skref<\/a><\/h2><\/div><\/div><div class=\"tpg-get-posts-post\" ><div class=\"tpg-title-class\"><h2><a href=\"https:\/\/unnurkaren.com\/matur\/2012\/02\/16\/vatnsdeigsbollur-skref-fyrir-skref\/\" >Vatnsdeigsbollur &#8211; skref fyrir skref<\/a><\/h2><\/div><\/div><\/div><!-- #tpg-get-posts --><\/pre>\n","protected":false},"excerpt":{"rendered":"","protected":false},"author":1,"featured_media":0,"parent":0,"menu_order":1,"comment_status":"open","ping_status":"closed","template":"","meta":{"om_disable_all_campaigns":false,"_monsterinsights_skip_tracking":false,"_monsterinsights_sitenote_active":false,"_monsterinsights_sitenote_note":"","_monsterinsights_sitenote_category":0,"_uf_show_specific_survey":0,"_uf_disable_surveys":false,"footnotes":""},"class_list":["post-305","page","type-page","status-publish","hentry"],"aioseo_notices":[],"_links":{"self":[{"href":"https:\/\/unnurkaren.com\/matur\/wp-json\/wp\/v2\/pages\/305","targetHints":{"allow":["GET"]}}],"collection":[{"href":"https:\/\/unnurkaren.com\/matur\/wp-json\/wp\/v2\/pages"}],"about":[{"href":"https:\/\/unnurkaren.com\/matur\/wp-json\/wp\/v2\/types\/page"}],"author":[{"embeddable":true,"href":"https:\/\/unnurkaren.com\/matur\/wp-json\/wp\/v2\/users\/1"}],"replies":[{"embeddable":true,"href":"https:\/\/unnurkaren.com\/matur\/wp-json\/wp\/v2\/comments?post=305"}],"version-history":[{"count":18,"href":"https:\/\/unnurkaren.com\/matur\/wp-json\/wp\/v2\/pages\/305\/revisions"}],"predecessor-version":[{"id":463,"href":"https:\/\/unnurkaren.com\/matur\/wp-json\/wp\/v2\/pages\/305\/revisions\/463"}],"wp:attachment":[{"href":"https:\/\/unnurkaren.com\/matur\/wp-json\/wp\/v2\/media?parent=305"}],"curies":[{"name":"wp","href":"https:\/\/api.w.org\/{rel}","templated":true}]}}